{"id":37,"date":"2017-11-15T15:18:49","date_gmt":"2017-11-15T15:18:49","guid":{"rendered":"http:\/\/themes.muffingroup.com\/be\/artist2\/?page_id=37"},"modified":"2025-03-09T11:19:43","modified_gmt":"2025-03-09T10:19:43","slug":"home-2","status":"publish","type":"page","link":"https:\/\/arnaud-kasper.fr\/","title":{"rendered":"Arnaud Kasper"},"content":{"rendered":"<p>no-repeat;center top;;<br \/>auto<\/p>\n<h6>ARNAUD KASPER <\/h6>\n<p><\/p>\n<h5>\\&#8221;Confront\u00e9 au doute et \u00e0 l\u2019inconnu, mon \u0153uvre se fa\u00e7onne \u00e0 travers la recherche et l\u2019exp\u00e9rimentation, la po\u00e9sie&#8230; \u00catre Artiste, est un engagement. J\u2019y mets mes \u201ctripes\u201d, mon \u00e9nergie, ma foi.\\&#8221;A.KASPER<br \/>\n<br \/><\/h5>\n<h6> \u00e0 propos<\/h6>\n<p>Renomm\u00e9 pour ses r\u00e9alisations \u00e9questres et ses sculptures anthropomorphiques, Kasper est un des premiers artistes en 2006, \u00e0 exposer un cheval cr\u00e9\u00e9 selon le concept \u00e0 facettes.<br \/>\n<br \/>Ses \u0153uvres \u00e9questres le placent au niveau des meilleurs sculpteurs mondiaux.<br \/>\n<br \/>Il pratique \u00e9galement le \u201cStreet Art\u201d, l\u2019aquarelle, la peinture acrylique, la peinture \u00e0 l\u2019huile, l\u2019aquarelle, la gouache et l\u2019encre de chine.<br \/>\n<br \/>Asni\u00e8res-sur-Seine, o\u00f9 les grands ma\u00eetres de l\u2019impressionnisme venaient peindre, devient son lieu de travail et il y installe son atelier en 1999.<br \/>\n<br \/>Motiv\u00e9 par la d\u00e9fense du milieu marin, il cr\u00e9e le concept de L\u2019Homme-Poisson et cherche \u00e0 interpeller l\u2019humanit\u00e9 en m\u00e9moire de sa vie marine ant\u00e9rieure.<br \/>\n<br \/>Mondialement reconnu pour ses diff\u00e9rents univers o\u00f9 se c\u00f4toient les th\u00e8mes mythologique, \u00e9questre, maritime et animalier, Kasper est l\u2019auteur de plusieurs concepts et positions originales dans le genre sculptural. Ses pens\u00e9es humanistes et son sens particulier de l\u2019imaginaire lui inspirent des cr\u00e9ations uniques, novatrices et m\u00eame visionnaires.<br \/>\n<br \/>Sa d\u00e9marche est \u00e0 la fois intellectuelle, \u00e9thique, artistique et initiatique.<br \/>\n<br \/>Pour la Promenade Artistique de Molineuf, il expose plusieurs cr\u00e9ations sculpturales dont deux chevaux particuli\u00e8rement spectaculaires de 1,80 m, ainsi que des \u0153uvres picturales r\u00e9alis\u00e9es sp\u00e9cifiquement pour l\u2019exposition.<br \/>no-repeat;center top;;<br \/>auto<br \/>0 0 0 30px<br \/>border-left:2px solid black; margin-left: 10px;<\/p>\n<p>En savoir plus &#8230;<br \/><a href=\"https:\/\/arnaud-kasper.fr\/about\/\">https:\/\/arnaud-kasper.fr\/about\/<\/a><br \/>left<br \/>#d1a13f<br \/>#ffffff<br \/>3<\/p>\n<h2>&#8230;mes derni\u00e8res sculptures<\/h2>\n<p>right<br \/>no-repeat;center top;;<br \/>auto<br \/>0 6% 0 0<\/p>\n<p>sep<\/p>\n<p>center<br \/>no-repeat;center top;;<br \/>auto<br \/>0 6% 0 0<\/p>\n<p>5<br \/>masonry-hover<br \/>2<br \/>date<br \/>DESC<\/p>\n<h3>Voir toutes les Sculptures <img src=\"https:\/\/arnaud-kasper.fr\/php_assets\/uploads\/2015\/12\/home_carver_arrow.png\" alt=\"Arnaud Kasper\" \/><\/h3>\n<p>right<br \/>40px 30px<br \/>#f7f7f7<br \/>#e5dfd8<br \/>2px<br \/><a href=\"https:\/\/arnaud-kasper.fr\/index.php\/sculptures\/\">https:\/\/arnaud-kasper.fr\/index.php\/sculptures\/<\/a><\/p>\n<h6>SCULPTURES MONUMENTALES<\/h6>\n<p>no-repeat;center top;;<br \/>auto<\/p>\n<h3>Principaux monuments en France<\/h3>\n<p>\t <a href=\"https:\/\/arnaud-kasper.fr\/index.php\/portfolio-item\/ourasi\/\">OURASI<\/a> \u2013 Paris Vincennes<br \/>\n<br \/> La Marche \u2013 Montataire<br \/>\n<br \/><a href=\"https:\/\/www.youtube.com\/watch?v=8tFDJfXrvpU\">Victor Hugo<\/a> \u2013 Courbevoie<br \/>\n<br \/>  <a href=\"http:\/\/petit-patrimoine.com\/fiche-petit-patrimoine.php?id_pp=57630_20\">Sun &amp; Bios<\/a>  \u2013 Sarrebourg<br \/>\n<br \/>   <a href=\"https:\/\/www.youtube.com\/watch?v=lhfpXTjxc-g\">Les Sangliers<\/a> \u2013 Montereau-Fault-Yonne<br \/>\n<br \/> <a href=\"https:\/\/www.petit-patrimoine.com\/fiche-petit-patrimoine.php?id_pp=92004_1\">Le Cheval des Lumi\u00e8res<\/a> \u2013 Asni\u00e8res<br \/>\n<br \/><a href=\"https:\/\/arnaud-kasper.fr\/index.php\/portfolio-item\/lhomme-poisson\/\">L\u2019Homme-Poisson<\/a> \u2013 Sarralbe<br \/>\n<br \/> <a href=\"https:\/\/www.ouest-france.fr\/pays-de-la-loire\/lile-dyeu-85350\/fete-de-la-mer-kasper-fait-oeuvre-de-memoire-5020827\"> Le Sequana<\/a> \u2013 L\u2019\u00cele d\u2019Yeu<\/p>\n<p><a class=\"button  button_size_2\" href=\"\"    ><span class=\"button_label\">Button<\/span><\/a>\n<br \/>no-repeat;center top;;<br \/>auto<br \/>0 0 0 30px<br \/>border-left:2px solid #333333;<\/p>\n","protected":false},"excerpt":{"rendered":"<p>no-repeat;center top;;auto ARNAUD KASPER \\&#8221;Confront\u00e9 au doute et \u00e0 l\u2019inconnu, mon \u0153uvre se fa\u00e7onne \u00e0 travers la recherche et l\u2019exp\u00e9rimentation, la po\u00e9sie&#8230; \u00catre Artiste, est un<span class=\"excerpt-hellip\"> [\u2026]<\/span><\/p>\n","protected":false},"author":1,"featured_media":0,"parent":0,"menu_order":0,"comment_status":"closed","ping_status":"closed","template":"","meta":[],"yoast_head":"<!-- This site is optimized with the Yoast SEO Premium plugin v15.4 - https:\/\/yoast.com\/wordpress\/plugins\/seo\/ -->\n<title>Arnaud KASPER - sculpture et peinture - SITE OFFICIEL<\/title>\n<meta name=\"description\" content=\"Arnaud Kasper est un sculpteur et peintre fran\u00e7ais. Mondialement connu pour ses diff\u00e9rents th\u00e8mes mythologiques, \u00e9questres, maritimes animaliers\" \/>\n<meta name=\"robots\" content=\"index, follow, max-snippet:-1, max-image-preview:large, max-video-preview:-1\" \/>\n<link rel=\"canonical\" href=\"https:\/\/arnaud-kasper.fr\/\" \/>\n<meta property=\"og:locale\" content=\"fr_FR\" \/>\n<meta property=\"og:type\" content=\"article\" \/>\n<meta property=\"og:title\" content=\"Arnaud KASPER - sculpture et peinture - SITE OFFICIEL\" \/>\n<meta property=\"og:description\" content=\"Arnaud Kasper est un sculpteur et peintre fran\u00e7ais. Mondialement connu pour ses diff\u00e9rents th\u00e8mes mythologiques, \u00e9questres, maritimes animaliers\" \/>\n<meta property=\"og:url\" content=\"https:\/\/arnaud-kasper.fr\/\" \/>\n<meta property=\"og:site_name\" content=\"Arnaud Kasper\" \/>\n<meta property=\"article:publisher\" content=\"https:\/\/www.facebook.com\/pages\/category\/Artist\/Arnaud-Kasper-sculptor-1428955660712168\/\" \/>\n<meta property=\"article:modified_time\" content=\"2025-03-09T10:19:43+00:00\" \/>\n<meta property=\"og:image\" content=\"https:\/\/arnaud-kasper.fr\/php_assets\/uploads\/2020\/11\/ARK0009.jpg\" \/>\n\t<meta property=\"og:image:width\" content=\"680\" \/>\n\t<meta property=\"og:image:height\" content=\"510\" \/>\n<meta name=\"twitter:card\" content=\"summary_large_image\" \/>\n<meta name=\"twitter:creator\" content=\"@arnaudkasper\" \/>\n<meta name=\"twitter:site\" content=\"@arnaudkasper\" \/>\n<meta name=\"twitter:label1\" content=\"\u00c9crit par\">\n\t<meta name=\"twitter:data1\" content=\"Kasper\">\n\t<meta name=\"twitter:label2\" content=\"Dur\u00e9e de lecture estim\u00e9e\">\n\t<meta name=\"twitter:data2\" content=\"2 minutes\">\n<script type=\"application\/ld+json\" class=\"yoast-schema-graph\">{\"@context\":\"https:\/\/schema.org\",\"@graph\":[{\"@type\":[\"Organization\",\"Place\",\"ArtGallery\"],\"@id\":\"https:\/\/arnaud-kasper.fr\/#organization\",\"name\":\"Arnaud Kasper\",\"url\":\"https:\/\/arnaud-kasper.fr\/\",\"sameAs\":[\"https:\/\/www.facebook.com\/pages\/category\/Artist\/Arnaud-Kasper-sculptor-1428955660712168\/\",\"https:\/\/www.instagram.com\/accounts\/login\/?next=\/arnaudkasper\/\",\"https:\/\/fr.linkedin.com\/in\/arnaud-kasper-3b87b183?trk=people-guest_people_search-card\",\"https:\/\/www.youtube.com\/user\/arnaudkasper\/featured\",\"https:\/\/www.pinterest.com\/grandsformats\/arnaud-kasper\/\",\"https:\/\/fr.wikipedia.org\/wiki\/Arnaud_Kasper\",\"https:\/\/twitter.com\/arnaudkasper\"],\"logo\":{\"@type\":\"ImageObject\",\"@id\":\"https:\/\/arnaud-kasper.fr\/#logo\",\"inLanguage\":\"fr-FR\",\"url\":\"https:\/\/arnaud-kasper.fr\/php_assets\/uploads\/2020\/11\/logo-kasper-100-beige.png\",\"width\":100,\"height\":47,\"caption\":\"Arnaud Kasper\"},\"image\":{\"@id\":\"https:\/\/arnaud-kasper.fr\/#logo\"},\"location\":{\"@id\":\"https:\/\/arnaud-kasper.fr\/#local-place\"},\"address\":{\"@id\":\"https:\/\/arnaud-kasper.fr\/#local-place-address\"},\"email\":\"contact@arnaud-kasper.fr\",\"telephone\":\"+33 (0)7 70 98 43 15\",\"taxID\":\"FR86398091355\"},{\"@type\":\"WebSite\",\"@id\":\"https:\/\/arnaud-kasper.fr\/#website\",\"url\":\"https:\/\/arnaud-kasper.fr\/\",\"name\":\"Arnaud Kasper\",\"description\":\"Sculpteur et Peintre\",\"publisher\":{\"@id\":\"https:\/\/arnaud-kasper.fr\/#organization\"},\"potentialAction\":[{\"@type\":\"SearchAction\",\"target\":\"https:\/\/arnaud-kasper.fr\/?s={search_term_string}\",\"query-input\":\"required name=search_term_string\"}],\"inLanguage\":\"fr-FR\"},{\"@type\":\"ImageObject\",\"@id\":\"https:\/\/arnaud-kasper.fr\/#primaryimage\",\"inLanguage\":\"fr-FR\",\"url\":\"https:\/\/arnaud-kasper.fr\/php_assets\/uploads\/2015\/12\/home_carver_arrow.png\",\"width\":79,\"height\":16},{\"@type\":\"WebPage\",\"@id\":\"https:\/\/arnaud-kasper.fr\/#webpage\",\"url\":\"https:\/\/arnaud-kasper.fr\/\",\"name\":\"Arnaud KASPER - sculpture et peinture - SITE OFFICIEL\",\"isPartOf\":{\"@id\":\"https:\/\/arnaud-kasper.fr\/#website\"},\"primaryImageOfPage\":{\"@id\":\"https:\/\/arnaud-kasper.fr\/#primaryimage\"},\"datePublished\":\"2017-11-15T15:18:49+00:00\",\"dateModified\":\"2025-03-09T10:19:43+00:00\",\"description\":\"Arnaud Kasper est un sculpteur et peintre fran\\u00e7ais. Mondialement connu pour ses diff\\u00e9rents th\\u00e8mes mythologiques, \\u00e9questres, maritimes animaliers\",\"inLanguage\":\"fr-FR\",\"potentialAction\":[{\"@type\":\"ReadAction\",\"target\":[\"https:\/\/arnaud-kasper.fr\/\"]}]},{\"@type\":\"Place\",\"@id\":\"https:\/\/arnaud-kasper.fr\/#local-place\",\"address\":{\"@type\":\"PostalAddress\",\"@id\":\"https:\/\/arnaud-kasper.fr\/#local-place-address\",\"streetAddress\":\"21 Rue Bourdarie Lefure\",\"addressLocality\":\"Asni\\u00e8res-sur-Seine\",\"postalCode\":\"92600\",\"addressRegion\":\"\",\"addressCountry\":\"FR\"},\"geo\":{\"@type\":\"GeoCoordinates\",\"latitude\":\"48.9190662\",\"longitude\":\"2.2810138\"},\"openingHoursSpecification\":[{\"@type\":\"OpeningHoursSpecification\",\"dayOfWeek\":[\"Monday\",\"Tuesday\",\"Wednesday\",\"Thursday\",\"Friday\",\"Saturday\",\"Sunday\"],\"opens\":\"09:00\",\"closes\":\"17:00\"}],\"telephone\":\"+33 (0)7 70 98 43 15\"}]}<\/script>\n<!-- \/ Yoast SEO Premium plugin. -->","_links":{"self":[{"href":"https:\/\/arnaud-kasper.fr\/index.php\/wp-json\/wp\/v2\/pages\/37"}],"collection":[{"href":"https:\/\/arnaud-kasper.fr\/index.php\/wp-json\/wp\/v2\/pages"}],"about":[{"href":"https:\/\/arnaud-kasper.fr\/index.php\/wp-json\/wp\/v2\/types\/page"}],"author":[{"embeddable":true,"href":"https:\/\/arnaud-kasper.fr\/index.php\/wp-json\/wp\/v2\/users\/1"}],"replies":[{"embeddable":true,"href":"https:\/\/arnaud-kasper.fr\/index.php\/wp-json\/wp\/v2\/comments?post=37"}],"version-history":[{"count":8,"href":"https:\/\/arnaud-kasper.fr\/index.php\/wp-json\/wp\/v2\/pages\/37\/revisions"}],"predecessor-version":[{"id":2908,"href":"https:\/\/arnaud-kasper.fr\/index.php\/wp-json\/wp\/v2\/pages\/37\/revisions\/2908"}],"wp:attachment":[{"href":"https:\/\/arnaud-kasper.fr\/index.php\/wp-json\/wp\/v2\/media?parent=37"}],"curies":[{"name":"wp","href":"https:\/\/api.w.org\/{rel}","templated":true}]}}